{"id":7,"date":"2024-01-17T21:59:09","date_gmt":"2024-01-17T21:59:09","guid":{"rendered":"https:\/\/demo.web4ever.uk\/transport\/?page_id=7"},"modified":"2024-01-22T17:52:55","modified_gmt":"2024-01-22T16:52:55","slug":"home","status":"publish","type":"page","link":"https:\/\/islandica.hr\/en\/","title":{"rendered":"Home"},"content":{"rendered":"<p>Va\u0161 pouzdan logisti\u010dki partner. Na\u0161 cilj je osigurati da va\u0161a roba stigne na odredi\u0161te sigurno, pravovremeno i u savr\u0161enom stanju.<\/p>","protected":false},"excerpt":{"rendered":"<p>Va\u0161 pouzdan logisti\u010dki partner. Na\u0161 cilj je osigurati da va\u0161a roba stigne na odredi\u0161te sigurno, pravovremeno i u savr\u0161enom stanju.<\/p>","protected":false},"author":2,"featured_media":0,"parent":0,"menu_order":0,"comment_status":"closed","ping_status":"closed","template":"","meta":{"slim_seo":{"title":"Islandica d.o.o. - We play it cool","description":"Va\u0161 pouzdan logisti\u010dki partner za prijevoz u kontroliranim temperaturnim re\u017eimima. Na\u0161 cilj je osigurati da va\u0161a roba stigne na odredi\u0161te sigurno, pravovremeno i u savr\u0161enom stanju."},"footnotes":""},"class_list":["post-7","page","type-page","status-publish","hentry"],"_links":{"self":[{"href":"https:\/\/islandica.hr\/en\/wp-json\/wp\/v2\/pages\/7","targetHints":{"allow":["GET"]}}],"collection":[{"href":"https:\/\/islandica.hr\/en\/wp-json\/wp\/v2\/pages"}],"about":[{"href":"https:\/\/islandica.hr\/en\/wp-json\/wp\/v2\/types\/page"}],"author":[{"embeddable":true,"href":"https:\/\/islandica.hr\/en\/wp-json\/wp\/v2\/users\/2"}],"replies":[{"embeddable":true,"href":"https:\/\/islandica.hr\/en\/wp-json\/wp\/v2\/comments?post=7"}],"version-history":[{"count":2,"href":"https:\/\/islandica.hr\/en\/wp-json\/wp\/v2\/pages\/7\/revisions"}],"predecessor-version":[{"id":54,"href":"https:\/\/islandica.hr\/en\/wp-json\/wp\/v2\/pages\/7\/revisions\/54"}],"wp:attachment":[{"href":"https:\/\/islandica.hr\/en\/wp-json\/wp\/v2\/media?parent=7"}],"curies":[{"name":"wp","href":"https:\/\/api.w.org\/{rel}","templated":true}]}}